{"id":2439,"date":"2024-04-18T09:46:13","date_gmt":"2024-04-18T09:46:13","guid":{"rendered":"https:\/\/www.hotel-kendler.at\/?page_id=2439"},"modified":"2026-04-05T17:49:22","modified_gmt":"2026-04-05T17:49:22","slug":"taxi","status":"publish","type":"page","link":"https:\/\/www.hotel-kendler.at\/en\/taxi","title":{"rendered":"Taxi"},"content":{"rendered":"<div data-elementor-type=\"wp-page\" data-elementor-id=\"2439\" class=\"elementor elementor-2439\" data-elementor-post-type=\"page\">\n\t\t\t\t\t\t<section class=\"elementor-section elementor-top-section elementor-element elementor-element-501498e elementor-section-boxed elementor-section-height-default elementor-section-height-default\" data-id=\"501498e\" data-element_type=\"section\" data-e-type=\"section\" data-settings=\"{&quot;background_background&quot;:&quot;classic&quot;}\">\n\t\t\t\t\t\t<div class=\"elementor-container elementor-column-gap-no\">\n\t\t\t\t\t<div class=\"elementor-column elementor-col-100 elementor-top-column elementor-element elementor-element-1ccaa79\" data-id=\"1ccaa79\" data-element_type=\"column\" data-e-type=\"column\">\n\t\t\t<div class=\"elementor-widget-wrap elementor-element-populated\">\n\t\t\t\t\t\t<div class=\"elementor-element elementor-element-503ce23 elementor-widget elementor-widget-heading\" data-id=\"503ce23\" data-element_type=\"widget\" data-e-type=\"widget\" data-widget_type=\"heading.default\">\n\t\t\t\t<div class=\"elementor-widget-container\">\n\t\t\t\t\t<h1 class=\"elementor-heading-title elementor-size-default\">Hotel - Taxi<\/h1>\t\t\t\t<\/div>\n\t\t\t\t<\/div>\n\t\t\t\t\t<\/div>\n\t\t<\/div>\n\t\t\t\t\t<\/div>\n\t\t<\/section>\n\t\t\t\t<section class=\"elementor-section elementor-top-section elementor-element elementor-element-9bf8afe elementor-section-boxed elementor-section-height-default elementor-section-height-default\" data-id=\"9bf8afe\" data-element_type=\"section\" data-e-type=\"section\">\n\t\t\t\t\t\t<div class=\"elementor-container elementor-column-gap-no\">\n\t\t\t\t\t<div class=\"elementor-column elementor-col-100 elementor-top-column elementor-element elementor-element-5c470da\" data-id=\"5c470da\" data-element_type=\"column\" data-e-type=\"column\">\n\t\t\t<div class=\"elementor-widget-wrap elementor-element-populated\">\n\t\t\t\t\t\t<div class=\"elementor-element elementor-element-d7f3095 elementor-widget elementor-widget-heading\" data-id=\"d7f3095\" data-element_type=\"widget\" data-e-type=\"widget\" data-widget_type=\"heading.default\">\n\t\t\t\t<div class=\"elementor-widget-container\">\n\t\t\t\t\t<h3 class=\"elementor-heading-title elementor-size-default\">Willkommen beim exklusiven Hotel-Taxi-Service des Hotel Kendler<\/h3>\t\t\t\t<\/div>\n\t\t\t\t<\/div>\n\t\t\t\t<div class=\"elementor-element elementor-element-912d02a elementor-widget elementor-widget-text-editor\" data-id=\"912d02a\" data-element_type=\"widget\" data-e-type=\"widget\" data-widget_type=\"text-editor.default\">\n\t\t\t\t<div class=\"elementor-widget-container\">\n\t\t\t\t\t\t\t\t\t<h3>&nbsp;<\/h3>\n<p>Im Hotel Kendler sind wir nicht nur darauf bedacht, Ihnen einen komfortablen Aufenthalt zu bieten; wir m\u00f6chten, dass Ihr gesamter Aufenthalt nahtlos und sorgenfrei ist. Deshalb freuen wir uns, unseren privaten Hotel Taxi -Service vorzustellen, der f\u00fcr unsere G\u00e4ste konzipiert wurde. Ob Sie eine zuverl\u00e4ssige Fahrt zum Flughafen ben\u00f6tigen oder einfach nur vom Bahnhof abgeholt werden m\u00f6chten, wir haben mit unserem Hotel &#8211; Taxi die einfache L\u00f6sung.&nbsp;<\/p>\n<h4>Preise:&nbsp;<\/h4>\n<p>Salzburg Flughafen &#8211; Hotel \u20ac 80,&#8211;&nbsp;<\/p>\n<p>Salzburg Stadt \/ Salzburg Bahnhof &#8211; Hotel \u20ac 60,&#8211;<\/p>\n<p>M\u00fcnchen Stadt \/ M\u00fcnchen Flughafen &#8211; Hotel \u20ac 400,&#8211;<\/p>\n<p>Wien Stadt \/ Wien Flughafen &#8211; Hotel \u20ac 600,&#8211;<\/p>\n<p>gerne auch jede andere Destination<\/p>\n<p>ab Mai&nbsp;<\/p>\n<h3>Autoverleih<\/h3>\n<p>ab \u20ac 80,&#8211; pro Tag &#8211; Renault Bus 8 Sitzer<\/p>\t\t\t\t\t\t\t\t<\/div>\n\t\t\t\t<\/div>\n\t\t\t\t\t<\/div>\n\t\t<\/div>\n\t\t\t\t\t<\/div>\n\t\t<\/section>\n\t\t\t\t<section class=\"elementor-section elementor-top-section elementor-element elementor-element-129f00d elementor-section-full_width elementor-section-height-default elementor-section-height-default\" data-id=\"129f00d\" data-element_type=\"section\" data-e-type=\"section\">\n\t\t\t\t\t\t<div class=\"elementor-container elementor-column-gap-no\">\n\t\t\t\t\t<div class=\"elementor-column elementor-col-25 elementor-top-column elementor-element elementor-element-af5a374\" data-id=\"af5a374\" data-element_type=\"column\" data-e-type=\"column\">\n\t\t\t<div class=\"elementor-widget-wrap\">\n\t\t\t\t\t\t\t<\/div>\n\t\t<\/div>\n\t\t\t\t<div class=\"elementor-column elementor-col-25 elementor-top-column elementor-element elementor-element-ad02f22\" data-id=\"ad02f22\" data-element_type=\"column\" data-e-type=\"column\">\n\t\t\t<div class=\"elementor-widget-wrap\">\n\t\t\t\t\t\t\t<\/div>\n\t\t<\/div>\n\t\t\t\t<div class=\"elementor-column elementor-col-25 elementor-top-column elementor-element elementor-element-32f56f0\" data-id=\"32f56f0\" data-element_type=\"column\" data-e-type=\"column\">\n\t\t\t<div class=\"elementor-widget-wrap\">\n\t\t\t\t\t\t\t<\/div>\n\t\t<\/div>\n\t\t\t\t<div class=\"elementor-column elementor-col-25 elementor-top-column elementor-element elementor-element-4f5fad6\" data-id=\"4f5fad6\" data-element_type=\"column\" data-e-type=\"column\">\n\t\t\t<div class=\"elementor-widget-wrap\">\n\t\t\t\t\t\t\t<\/div>\n\t\t<\/div>\n\t\t\t\t\t<\/div>\n\t\t<\/section>\n\t\t\t\t<section class=\"elementor-section elementor-top-section elementor-element elementor-element-86e46de elementor-section-boxed elementor-section-height-default elementor-section-height-default\" data-id=\"86e46de\" data-element_type=\"section\" data-e-type=\"section\">\n\t\t\t\t\t\t<div class=\"elementor-container elementor-column-gap-default\">\n\t\t\t\t\t<div class=\"elementor-column elementor-col-33 elementor-top-column elementor-element elementor-element-aa65c86\" data-id=\"aa65c86\" data-element_type=\"column\" data-e-type=\"column\">\n\t\t\t<div class=\"elementor-widget-wrap\">\n\t\t\t\t\t\t\t<\/div>\n\t\t<\/div>\n\t\t\t\t<div class=\"elementor-column elementor-col-33 elementor-top-column elementor-element elementor-element-633d94a\" data-id=\"633d94a\" data-element_type=\"column\" data-e-type=\"column\">\n\t\t\t<div class=\"elementor-widget-wrap\">\n\t\t\t\t\t\t\t<\/div>\n\t\t<\/div>\n\t\t\t\t<div class=\"elementor-column elementor-col-33 elementor-top-column elementor-element elementor-element-66cb660\" data-id=\"66cb660\" data-element_type=\"column\" data-e-type=\"column\">\n\t\t\t<div class=\"elementor-widget-wrap\">\n\t\t\t\t\t\t\t<\/div>\n\t\t<\/div>\n\t\t\t\t\t<\/div>\n\t\t<\/section>\n\t\t\t\t<\/div>","protected":false},"excerpt":{"rendered":"<p>Hotel &#8211; Taxi Willkommen beim exklusiven Hotel-Taxi-Service des Hotel Kendler &nbsp; Im Hotel Kendler sind wir nicht nur darauf bedacht, Ihnen einen komfortablen Aufenthalt zu bieten; wir m\u00f6chten, dass Ihr gesamter Aufenthalt nahtlos und sorgenfrei ist. Deshalb freuen wir uns, unseren privaten Hotel Taxi -Service vorzustellen, der f\u00fcr unsere G\u00e4ste konzipiert wurde. Ob Sie eine [&hellip;]<\/p>\n","protected":false},"author":1,"featured_media":0,"parent":0,"menu_order":0,"comment_status":"closed","ping_status":"closed","template":"","meta":{"site-sidebar-layout":"no-sidebar","site-content-layout":"page-builder","ast-site-content-layout":"full-width-container","site-content-style":"unboxed","site-sidebar-style":"unboxed","ast-global-header-display":"","ast-banner-title-visibility":"","ast-main-header-display":"","ast-hfb-above-header-display":"","ast-hfb-below-header-display":"","ast-hfb-mobile-header-display":"","site-post-title":"disabled","ast-breadcrumbs-content":"disabled","ast-featured-img":"disabled","footer-sml-layout":"","theme-transparent-header-meta":"enabled","adv-header-id-meta":"","stick-header-meta":"","header-above-stick-meta":"","header-main-stick-meta":"","header-below-stick-meta":"","astra-migrate-meta-layouts":"set","ast-page-background-enabled":"default","ast-page-background-meta":{"desktop":{"background-color":"","background-image":"","background-repeat":"repeat","background-position":"center center","background-size":"auto","background-attachment":"scroll","background-type":"","background-media":"","overlay-type":"","overlay-color":"","overlay-opacity":"","overlay-gradient":""},"tablet":{"background-color":"","background-image":"","background-repeat":"repeat","background-position":"center center","background-size":"auto","background-attachment":"scroll","background-type":"","background-media":"","overlay-type":"","overlay-color":"","overlay-opacity":"","overlay-gradient":""},"mobile":{"background-color":"","background-image":"","background-repeat":"repeat","background-position":"center center","background-size":"auto","background-attachment":"scroll","background-type":"","background-media":"","overlay-type":"","overlay-color":"","overlay-opacity":"","overlay-gradient":""}},"ast-content-background-meta":{"desktop":{"background-color":"var(--ast-global-color-5)","background-image":"","background-repeat":"repeat","background-position":"center center","background-size":"auto","background-attachment":"scroll","background-type":"","background-media":"","overlay-type":"","overlay-color":"","overlay-opacity":"","overlay-gradient":""},"tablet":{"background-color":"var(--ast-global-color-5)","background-image":"","background-repeat":"repeat","background-position":"center center","background-size":"auto","background-attachment":"scroll","background-type":"","background-media":"","overlay-type":"","overlay-color":"","overlay-opacity":"","overlay-gradient":""},"mobile":{"background-color":"var(--ast-global-color-5)","background-image":"","background-repeat":"repeat","background-position":"center center","background-size":"auto","background-attachment":"scroll","background-type":"","background-media":"","overlay-type":"","overlay-color":"","overlay-opacity":"","overlay-gradient":""}},"footnotes":""},"class_list":["post-2439","page","type-page","status-publish","hentry"],"_links":{"self":[{"href":"https:\/\/www.hotel-kendler.at\/en\/wp-json\/wp\/v2\/pages\/2439","targetHints":{"allow":["GET"]}}],"collection":[{"href":"https:\/\/www.hotel-kendler.at\/en\/wp-json\/wp\/v2\/pages"}],"about":[{"href":"https:\/\/www.hotel-kendler.at\/en\/wp-json\/wp\/v2\/types\/page"}],"author":[{"embeddable":true,"href":"https:\/\/www.hotel-kendler.at\/en\/wp-json\/wp\/v2\/users\/1"}],"replies":[{"embeddable":true,"href":"https:\/\/www.hotel-kendler.at\/en\/wp-json\/wp\/v2\/comments?post=2439"}],"version-history":[{"count":67,"href":"https:\/\/www.hotel-kendler.at\/en\/wp-json\/wp\/v2\/pages\/2439\/revisions"}],"predecessor-version":[{"id":3013,"href":"https:\/\/www.hotel-kendler.at\/en\/wp-json\/wp\/v2\/pages\/2439\/revisions\/3013"}],"wp:attachment":[{"href":"https:\/\/www.hotel-kendler.at\/en\/wp-json\/wp\/v2\/media?parent=2439"}],"curies":[{"name":"wp","href":"https:\/\/api.w.org\/{rel}","templated":true}]}}