{"id":3,"date":"2022-03-01T11:51:17","date_gmt":"2022-03-01T11:51:17","guid":{"rendered":"http:\/\/hotelkendler.local\/?page_id=3"},"modified":"2022-12-31T10:48:05","modified_gmt":"2022-12-31T10:48:05","slug":"impressum","status":"publish","type":"page","link":"https:\/\/www.hotel-kendler.at\/en\/impressum","title":{"rendered":"Impressum"},"content":{"rendered":"<div data-elementor-type=\"wp-page\" data-elementor-id=\"3\" class=\"elementor elementor-3\" data-elementor-post-type=\"page\">\n\t\t\t\t\t\t<section class=\"elementor-section elementor-top-section elementor-element elementor-element-0614e75 elementor-section-boxed elementor-section-height-default elementor-section-height-default\" data-id=\"0614e75\" data-element_type=\"section\" data-e-type=\"section\" data-settings=\"{&quot;background_background&quot;:&quot;classic&quot;}\">\n\t\t\t\t\t\t<div class=\"elementor-container elementor-column-gap-default\">\n\t\t\t\t\t<div class=\"elementor-column elementor-col-100 elementor-top-column elementor-element elementor-element-0957e1e\" data-id=\"0957e1e\" data-element_type=\"column\" data-e-type=\"column\">\n\t\t\t<div class=\"elementor-widget-wrap elementor-element-populated\">\n\t\t\t\t\t\t<section class=\"elementor-section elementor-inner-section elementor-element elementor-element-78d355d elementor-section-boxed elementor-section-height-default elementor-section-height-default\" data-id=\"78d355d\" data-element_type=\"section\" data-e-type=\"section\">\n\t\t\t\t\t\t<div class=\"elementor-container elementor-column-gap-default\">\n\t\t\t\t\t<div class=\"elementor-column elementor-col-50 elementor-inner-column elementor-element elementor-element-d54c436\" data-id=\"d54c436\" data-element_type=\"column\" data-e-type=\"column\">\n\t\t\t<div class=\"elementor-widget-wrap elementor-element-populated\">\n\t\t\t\t\t\t<div class=\"elementor-element elementor-element-7f10d1e elementor-widget elementor-widget-image\" data-id=\"7f10d1e\" data-element_type=\"widget\" data-e-type=\"widget\" data-widget_type=\"image.default\">\n\t\t\t\t<div class=\"elementor-widget-container\">\n\t\t\t\t\t\t\t\t\t\t\t\t\t\t\t<img fetchpriority=\"high\" decoding=\"async\" width=\"960\" height=\"1200\" src=\"https:\/\/www.hotel-kendler.at\/wp-content\/uploads\/2022\/03\/Familie-2-scaled-e1646389874992.jpg\" class=\"attachment-full size-full wp-image-1299\" alt=\"\" \/>\t\t\t\t\t\t\t\t\t\t\t\t\t\t\t<\/div>\n\t\t\t\t<\/div>\n\t\t\t\t\t<\/div>\n\t\t<\/div>\n\t\t\t\t<div class=\"elementor-column elementor-col-50 elementor-inner-column elementor-element elementor-element-966c909\" data-id=\"966c909\" data-element_type=\"column\" data-e-type=\"column\">\n\t\t\t<div class=\"elementor-widget-wrap elementor-element-populated\">\n\t\t\t\t\t\t<div class=\"elementor-element elementor-element-a3a326e elementor-widget elementor-widget-heading\" data-id=\"a3a326e\" data-element_type=\"widget\" data-e-type=\"widget\" data-widget_type=\"heading.default\">\n\t\t\t\t<div class=\"elementor-widget-container\">\n\t\t\t\t\t<h3 class=\"elementor-heading-title elementor-size-default\">Hotel Gasthof Kendler****<br><\/h3>\t\t\t\t<\/div>\n\t\t\t\t<\/div>\n\t\t\t\t<div class=\"elementor-element elementor-element-7fb8f25 elementor-widget elementor-widget-text-editor\" data-id=\"7fb8f25\" data-element_type=\"widget\" data-e-type=\"widget\" data-widget_type=\"text-editor.default\">\n\t\t\t\t<div class=\"elementor-widget-container\">\n\t\t\t\t\t\t\t\t\t<h5>Traditionelles Haus voller Gastfreundschaft und Harmonie<\/h5>\n<p><strong>Familie Kendler <\/strong><\/p>\n<p>5340 St. Gilgen am Wolfgangsee, Kirchenplatz 3 Tel.: +43 6227 \/ 2223, Fax: +43 6227 \/ 2223-90 info@hotel-kendler.at<\/p>\n<p>Firmenname:\u00a0Hotel-G\u00e4stehaus-Metzgerei Kendler KG Firmenbuchnummer:\u00a0191298x Registrierungsnummer: 50330-002533-2020<\/p>\n<p>Firmengericht:\u00a0Landesgericht Salzburg<\/p>\n<p>Beh\u00f6rde gem. ECG (E-Commerce Gesetz)<br \/>Bezirkshauptmannschaft Salzburg-Umgebung<\/p>\n<p>Offenlegung nach Mediengesetz Firmensitz (Ort der Hauptniederlassung) St.Gilgen<\/p>\n<p>Gesch\u00e4ftsf\u00fchrer, Mitglieder des Vorstandes bzw. Aufsichtsrates Mag. Josef Alexander Kendler<\/p>\t\t\t\t\t\t\t\t<\/div>\n\t\t\t\t<\/div>\n\t\t\t\t\t<\/div>\n\t\t<\/div>\n\t\t\t\t\t<\/div>\n\t\t<\/section>\n\t\t\t\t\t<\/div>\n\t\t<\/div>\n\t\t\t\t\t<\/div>\n\t\t<\/section>\n\t\t\t\t<section class=\"elementor-section elementor-top-section elementor-element elementor-element-1a773dfe elementor-section-boxed elementor-section-height-default elementor-section-height-default\" data-id=\"1a773dfe\" data-element_type=\"section\" data-e-type=\"section\">\n\t\t\t\t\t\t<div class=\"elementor-container elementor-column-gap-default\">\n\t\t\t\t\t<div class=\"elementor-column elementor-col-100 elementor-top-column elementor-element elementor-element-2c086f72\" data-id=\"2c086f72\" data-element_type=\"column\" data-e-type=\"column\">\n\t\t\t<div class=\"elementor-widget-wrap elementor-element-populated\">\n\t\t\t\t\t\t<div class=\"elementor-element elementor-element-5e6103bd elementor-widget elementor-widget-text-editor\" data-id=\"5e6103bd\" data-element_type=\"widget\" data-e-type=\"widget\" data-widget_type=\"text-editor.default\">\n\t\t\t\t<div class=\"elementor-widget-container\">\n\t\t\t\t\t\t\t\t\t\n<h2 class=\"wp-block-heading\"><\/h2>\n<h3 class=\"wp-block-heading\"><b class=\"font-size-30 lh-1\">Datenschutzerkl\u00e4rung<\/b><\/h3>\n<div><span style=\"color: #929292;\"><b>Erkl\u00e4rung zur Informationspflicht<\/b><\/span><\/div>\n<div>\u00a0<\/div>\n<div><span style=\"color: #929292;\">Der Schutz Ihrer pers\u00f6nlichen Daten ist uns ein besonderes Anliegen. Wir verarbeiten Ihre Daten daher ausschlie\u00dflich auf Grundlage der gesetzlichen Bestimmungen (DSGVO, TKG 2003). In diesen Datenschutzinformationen informieren wir Sie \u00fcber die wichtigsten Aspekte der Datenverarbeitung im Rahmen unserer Website.\u00a0<\/span><\/div>\n<div><span style=\"color: #929292;\">\u00a0<\/span><\/div>\n<div><span style=\"color: #929292;\"><b>Kontakt mit uns<\/b><\/span><\/div>\n<div><span style=\"color: #929292;\">Wenn Sie per Formular auf der Website oder per E-Mail Kontakt mit uns aufnehmen, werden Ihre angegebenen Daten zwecks Bearbeitung der Anfrage und f\u00fcr den Fall von Anschlussfragen sechs Monate bei uns gespeichert. Diese Daten geben wir nicht ohne Ihre Einwilligung weiter.\u00a0<\/span><\/div>\n<div><span style=\"color: #929292;\">\u00a0<\/span><\/div>\n<div><b>Datenspeicherung<\/b><\/div>\n<div><span style=\"color: #929292;\">Wir weisen darauf hin, dass zum Zweck des einfacheren Buchungsvorganges und zur sp\u00e4teren Vertragsabwicklung vom Hotel-Betreiber im Rahmen von Cookies die IP-Daten des Anschlussinhabers gespeichert werden, ebenso wie Name, Anschrift und Kreditkartennummer des K\u00e4ufers.<\/span><\/div>\n<div><span style=\"color: #929292;\">\u00a0<\/span><\/div>\n<div><span style=\"color: #929292;\">Dar\u00fcber hinaus werden zum Zweck der Vertragsabwicklung folgende Daten auch bei uns gespeichert: Buchungsrelevante Informationen wie Name, Anzahl G\u00e4ste, Datum. Die von Ihnen bereit gestellten Daten sind zur Vertragserf\u00fcllung bzw zur Durchf\u00fchrung vorvertraglicher Ma\u00dfnahmen erforderlich. Ohne diese Daten k\u00f6nnen wir den Vertrag mit Ihnen nicht abschlie\u00dfen. Eine Daten\u00fcbermittlung an Dritte erfolgt nicht, mit Ausnahme der \u00dcbermittlung der Kreditkartendaten an die abwickelnden Bankinstitute \/ Zahlungsdienstleister zum Zwecke der Abbuchung des Einkaufspreises, an das von uns beauftragte Zahlungsabwicklungspartner sowie an unseren Steuerberater zur Erf\u00fcllung unserer steuerrechtlichen Verpflichtungen.<\/span><\/div>\n<div><span style=\"color: #929292;\">\u00a0<\/span><\/div>\n<div><span style=\"color: #929292;\">Nach Abbruch des Einkaufsvorganges werden die bei uns gespeicherten Daten gel\u00f6scht. Im Falle eines Vertragsabschlusses werden s\u00e4mtliche Daten aus dem Vertragsverh\u00e4ltnis bis zum Ablauf der steuerrechtlichen Aufbewahrungsfrist (7 Jahre) gespeichert.\u00a0\u00a0<\/span><\/div>\n<div><span style=\"color: #929292;\">Die Daten Name, Anschrift, gebuchte Zimmer und Kaufdatum werden dar\u00fcber hinaus gehend bis zum Ablauf der Aufbewahrungsfrist (7 Jahre) gespeichert. Die Datenverarbeitung erfolgt auf Basis der gesetzlichen Bestimmungen des \u00a7 96 Abs 3 TKG sowie des Art 6 Abs 1 lit a (Einwilligung) und\/oder lit b (notwendig zur Vertragserf\u00fcllung) der DSGVO.\u00a0\u00a0<\/span><\/div>\n<div><span style=\"color: #929292;\">\u00a0<\/span><\/div>\n<div><b>Cookies<\/b><\/div>\n<div><span style=\"color: #929292;\">Unsere Website verwendet so genannte Cookies. Dabei handelt es sich um kleine Textdateien, die mit Hilfe des Browsers auf Ihrem Endger\u00e4t abgelegt werden. Sie richten keinen Schaden an.<\/span><\/div>\n<div><span style=\"color: #929292;\">\u00a0<\/span><\/div>\n<div><span style=\"color: #929292;\">Wir nutzen Cookies dazu, unser Angebot nutzerfreundlich zu gestalten. Einige Cookies bleiben auf Ihrem Endger\u00e4t gespeichert, bis Sie diese l\u00f6schen. Sie erm\u00f6glichen es uns, Ihren Browser beim n\u00e4chsten Besuch wiederzuerkennen.<\/span><\/div>\n<div><span style=\"color: #929292;\">\u00a0<\/span><\/div>\n<div><span style=\"color: #929292;\">Wenn Sie dies nicht w\u00fcnschen, so k\u00f6nnen Sie Ihren Browser so einrichten, dass er Sie \u00fcber das Setzen von Cookies informiert und Sie dies nur im Einzelfall erlauben.<\/span><\/div>\n<div><span style=\"color: #929292;\">\u00a0<\/span><\/div>\n<div><span style=\"color: #929292;\">Bei der Deaktivierung von Cookies kann die Funktionalit\u00e4t unserer Website eingeschr\u00e4nkt sein.<\/span><\/div>\n<div>\u00a0<\/div>\n<div><span style=\"color: #929292;\">\u00a0<\/span><\/div>\n<div><span style=\"color: #929292;\"><b>Web-Analyse<\/b><\/span><\/div>\n<div><span style=\"color: #929292;\">Unsere Website verwendet Funktionen des Webanalysedienstes Mouseflow und Google Analytics. Dazu werden Cookies verwendet, die eine Analyse der Benutzung der Website durch Ihre Benutzer erm\u00f6glicht. Die dadurch erzeugten Informationen werden auf den Server des Anbieters \u00fcbertragen und dort gespeichert.<\/span><\/div>\n<div><span style=\"color: #929292;\">\u00a0<\/span><\/div>\n<div><span style=\"color: #929292;\">Sie k\u00f6nnen dies verhindern, indem Sie Ihren Browser so einrichten, dass keine Cookies gespeichert werden.<\/span><\/div>\n<div><span style=\"color: #929292;\">\u00a0<\/span><\/div>\n<div><span style=\"color: #929292;\">Wir haben mit dem Anbieter einen entsprechenden Vertrag zur Auftragsdatenverarbeitung abgeschlossen.<\/span><\/div>\n<div><span style=\"color: #929292;\">\u00a0<\/span><\/div>\n<div><span style=\"color: #929292;\">Ihre IP-Adresse wird erfasst, aber umgehend (z.B. durch L\u00f6schung der letzten 8 Bit) pseudonymisiert. Dadurch ist nur mehr eine grobe Lokalisierung m\u00f6glich.<\/span><\/div>\n<div>\u00a0<\/div>\n<div><span style=\"color: #929292;\">Die Datenverarbeitung erfolgt auf Basis der gesetzlichen Bestimmungen des \u00a7 96 Abs 3 TKG sowie des Art 6 Abs 1 lit a (Einwilligung) und\/oder f (berechtigtes Interesse) der DSGVO.<\/span><\/div>\n<div><span style=\"color: #929292;\">\u00a0<\/span><\/div>\n<div><span style=\"color: #929292;\">Unser Anliegen im Sinne der DSGVO (berechtigtes Interesse) ist die Verbesserung unseres Angebotes und unseres Webauftritts. Da uns die Privatsph\u00e4re unserer Nutzer wichtig ist, werden die Nutzerdaten pseudonymisiert.<\/span><\/div>\n<div><span style=\"color: #929292;\">\u00a0<\/span><\/div>\n<div><span style=\"color: #929292;\">Die Nutzerdaten werden f\u00fcr die Dauer von sechs Monate aufbewahrt.\u00a0<\/span><\/div>\n<div><span style=\"color: #929292;\">\u00a0<\/span><\/div>\n<div>\u00a0<\/div>\n<div><span style=\"color: #929292;\"><b>Newsletter<\/b><\/span><\/div>\n<div><span style=\"color: #929292;\">Sie haben die M\u00f6glichkeit, \u00fcber unsere Website unseren Newsletter zu abonnieren. Hierf\u00fcr ben\u00f6tigen wir Ihre E-Mail-Adresse und ihre Erkl\u00e4rung, dass Sie mit dem Bezug des Newsletters einverstanden sind.<\/span><\/div>\n<div><span style=\"color: #929292;\">\u00a0<\/span><\/div>\n<div><span style=\"color: #929292;\">Um Sie zielgerichtet mit Informationen zu versorgen, erheben und verarbeiten wir au\u00dferdem freiwillig gemachte Angaben zu Interessengebieten, Geburtstag und Postleitzahl.<\/span><\/div>\n<div><span style=\"color: #929292;\">\u00a0<\/span><\/div>\n<div>Das Abo des Newsletters k\u00f6nnen Sie jederzeit stornieren. Senden Sie Ihre Stornierung bitte an folgende E-Mail-Adresse:\u00a0office@hotel-kendler.at.\u00a0Wir l\u00f6schen anschlie\u00dfend umgehend Ihre Daten im Zusammenhang mit dem Newsletter-Versand.\u00a0<\/div>\n<div><span style=\"color: #929292;\">\u00a0<\/span><\/div>\n<div><span style=\"color: #929292;\"><b>Ihre Rechte<\/b><\/span><\/div>\n<div><span style=\"color: #929292;\">Ihnen stehen grunds\u00e4tzlich die Rechte auf Auskunft, Berichtigung, L\u00f6schung, Einschr\u00e4nkung, Daten\u00fcbertragbarkeit, Widerruf und Widerspruch zu. Wenn Sie glauben, dass die Verarbeitung Ihrer Daten gegen das Datenschutzrecht verst\u00f6\u00dft oder Ihre datenschutzrechtlichen Anspr\u00fcche sonst in einer Weise verletzt worden sind, k\u00f6nnen Sie sich bei der Aufsichtsbeh\u00f6rde beschweren. In \u00d6sterreich ist dies die Datenschutzbeh\u00f6rde.\u00a0<\/span><\/div>\n<div><span style=\"color: #929292;\">\u00a0<\/span><\/div>\n<div><span style=\"color: #929292;\">Sie erreichen uns unter folgenden Kontaktdaten:<\/span><\/div>\n<div><span style=\"color: #929292;\">5340 St. Gilgen am Wolfgangsee, Kirchenplatz 3<\/span><\/div>\n<div><span style=\"color: #929292;\">Tel.: +43 6227 \/ 2223, Fax: +43 6227 \/ 7203-90<\/span><\/div>\n<div><span style=\"color: #929292;\">info@hotel-kendler.at<\/span><\/div>\n\t\t\t\t\t\t\t\t<\/div>\n\t\t\t\t<\/div>\n\t\t\t\t\t<\/div>\n\t\t<\/div>\n\t\t\t\t\t<\/div>\n\t\t<\/section>\n\t\t\t\t<\/div>","protected":false},"excerpt":{"rendered":"<p>Hotel Gasthof Kendler**** Traditionelles Haus voller Gastfreundschaft und Harmonie Familie Kendler 5340 St. Gilgen am Wolfgangsee, Kirchenplatz 3 Tel.: +43 6227 \/ 2223, Fax: +43 6227 \/ 2223-90 info@hotel-kendler.at Firmenname:\u00a0Hotel-G\u00e4stehaus-Metzgerei Kendler KG Firmenbuchnummer:\u00a0191298x Registrierungsnummer: 50330-002533-2020 Firmengericht:\u00a0Landesgericht Salzburg Beh\u00f6rde gem. ECG (E-Commerce Gesetz)Bezirkshauptmannschaft Salzburg-Umgebung Offenlegung nach Mediengesetz Firmensitz (Ort der Hauptniederlassung) St.Gilgen Gesch\u00e4ftsf\u00fchrer, Mitglieder des Vorstandes [&hellip;]<\/p>\n","protected":false},"author":1,"featured_media":0,"parent":0,"menu_order":0,"comment_status":"closed","ping_status":"open","template":"","meta":{"site-sidebar-layout":"default","site-content-layout":"","ast-site-content-layout":"","site-content-style":"default","site-sidebar-style":"default","ast-global-header-display":"","ast-banner-title-visibility":"","ast-main-header-display":"","ast-hfb-above-header-display":"","ast-hfb-below-header-display":"","ast-hfb-mobile-header-display":"","site-post-title":"","ast-breadcrumbs-content":"","ast-featured-img":"","footer-sml-layout":"","theme-transparent-header-meta":"","adv-header-id-meta":"","stick-header-meta":"","header-above-stick-meta":"","header-main-stick-meta":"","header-below-stick-meta":"","astra-migrate-meta-layouts":"default","ast-page-background-enabled":"default","ast-page-background-meta":{"desktop":{"background-color":"","background-image":"","background-repeat":"repeat","background-position":"center center","background-size":"auto","background-attachment":"scroll","background-type":"","background-media":"","overlay-type":"","overlay-color":"","overlay-opacity":"","overlay-gradient":""},"tablet":{"background-color":"","background-image":"","background-repeat":"repeat","background-position":"center center","background-size":"auto","background-attachment":"scroll","background-type":"","background-media":"","overlay-type":"","overlay-color":"","overlay-opacity":"","overlay-gradient":""},"mobile":{"background-color":"","background-image":"","background-repeat":"repeat","background-position":"center center","background-size":"auto","background-attachment":"scroll","background-type":"","background-media":"","overlay-type":"","overlay-color":"","overlay-opacity":"","overlay-gradient":""}},"ast-content-background-meta":{"desktop":{"background-color":"var(--ast-global-color-5)","background-image":"","background-repeat":"repeat","background-position":"center center","background-size":"auto","background-attachment":"scroll","background-type":"","background-media":"","overlay-type":"","overlay-color":"","overlay-opacity":"","overlay-gradient":""},"tablet":{"background-color":"var(--ast-global-color-5)","background-image":"","background-repeat":"repeat","background-position":"center center","background-size":"auto","background-attachment":"scroll","background-type":"","background-media":"","overlay-type":"","overlay-color":"","overlay-opacity":"","overlay-gradient":""},"mobile":{"background-color":"var(--ast-global-color-5)","background-image":"","background-repeat":"repeat","background-position":"center center","background-size":"auto","background-attachment":"scroll","background-type":"","background-media":"","overlay-type":"","overlay-color":"","overlay-opacity":"","overlay-gradient":""}},"footnotes":""},"class_list":["post-3","page","type-page","status-publish","hentry"],"_links":{"self":[{"href":"https:\/\/www.hotel-kendler.at\/en\/wp-json\/wp\/v2\/pages\/3","targetHints":{"allow":["GET"]}}],"collection":[{"href":"https:\/\/www.hotel-kendler.at\/en\/wp-json\/wp\/v2\/pages"}],"about":[{"href":"https:\/\/www.hotel-kendler.at\/en\/wp-json\/wp\/v2\/types\/page"}],"author":[{"embeddable":true,"href":"https:\/\/www.hotel-kendler.at\/en\/wp-json\/wp\/v2\/users\/1"}],"replies":[{"embeddable":true,"href":"https:\/\/www.hotel-kendler.at\/en\/wp-json\/wp\/v2\/comments?post=3"}],"version-history":[{"count":25,"href":"https:\/\/www.hotel-kendler.at\/en\/wp-json\/wp\/v2\/pages\/3\/revisions"}],"predecessor-version":[{"id":1999,"href":"https:\/\/www.hotel-kendler.at\/en\/wp-json\/wp\/v2\/pages\/3\/revisions\/1999"}],"wp:attachment":[{"href":"https:\/\/www.hotel-kendler.at\/en\/wp-json\/wp\/v2\/media?parent=3"}],"curies":[{"name":"wp","href":"https:\/\/api.w.org\/{rel}","templated":true}]}}